{"id":3257,"date":"2025-12-01T05:07:04","date_gmt":"2025-12-01T13:07:04","guid":{"rendered":"https:\/\/jingkefence.com\/sobre\/"},"modified":"2026-03-22T06:20:07","modified_gmt":"2026-03-22T14:20:07","slug":"sobre","status":"publish","type":"page","link":"https:\/\/jingkefence.com\/pt-br\/sobre\/","title":{"rendered":"Sobre"},"content":{"rendered":"\n<div class=\"wp-block-uagb-container uagb-block-93bb43df alignfull uagb-is-root-container\"><div class=\"uagb-container-inner-blocks-wrap\">\n<div class=\"wp-block-uagb-advanced-heading uagb-block-60b4616a\"><h1 class=\"uagb-heading-text\">Sobre N\u00f3s<\/h1><\/div>\n<\/div><\/div>\n\n<p><\/p>\n\n<div class=\"wp-block-uagb-container uagb-block-41eacb3b alignfull uagb-is-root-container\"><div class=\"uagb-container-inner-blocks-wrap\">\n<div class=\"wp-block-uagb-container uagb-block-19005d3c\">\n<figure class=\"wp-block-image size-full\"><img decoding=\"async\" src=\"http:\/\/jingkefence.com\/wp-content\/uploads\/2025\/12\/&#x5FAE;&#x4FE1;&#x56FE;&#x7247;_20251203220749_201_23.jpg\" alt=\"&#x5FAE;&#x4FE1;&#x56FE;&#x7247; 20251203220749 201 23\" class=\"wp-image-2515\"\/><\/figure>\n<\/div>\n\n\n\n<div class=\"wp-block-uagb-container uagb-block-1f736c14\">\n<figure class=\"wp-block-image size-full\"><img loading=\"lazy\" decoding=\"async\" width=\"800\" height=\"800\" src=\"http:\/\/jingkefence.com\/wp-content\/uploads\/2025\/12\/O1CN01XZQ4fZ1jTUWH162AO_2215145774549-0-cbucrm.jpg_Q75.jpg\" alt=\"o1cn01xzq4fz1jtuwh162ao !!2215145774549 0 cbucrm.jpg q75\" class=\"wp-image-2832\" srcset=\"https:\/\/jingkefence.com\/wp-content\/uploads\/2025\/12\/O1CN01XZQ4fZ1jTUWH162AO_2215145774549-0-cbucrm.jpg_Q75.jpg 800w, https:\/\/jingkefence.com\/wp-content\/uploads\/2025\/12\/O1CN01XZQ4fZ1jTUWH162AO_2215145774549-0-cbucrm.jpg_Q75-300x300.jpg 300w, https:\/\/jingkefence.com\/wp-content\/uploads\/2025\/12\/O1CN01XZQ4fZ1jTUWH162AO_2215145774549-0-cbucrm.jpg_Q75-150x150.jpg 150w, https:\/\/jingkefence.com\/wp-content\/uploads\/2025\/12\/O1CN01XZQ4fZ1jTUWH162AO_2215145774549-0-cbucrm.jpg_Q75-768x768.jpg 768w, https:\/\/jingkefence.com\/wp-content\/uploads\/2025\/12\/O1CN01XZQ4fZ1jTUWH162AO_2215145774549-0-cbucrm.jpg_Q75-600x600.jpg 600w, https:\/\/jingkefence.com\/wp-content\/uploads\/2025\/12\/O1CN01XZQ4fZ1jTUWH162AO_2215145774549-0-cbucrm.jpg_Q75-100x100.jpg 100w\" sizes=\"auto, (max-width: 800px) 100vw, 800px\" \/><\/figure>\n<\/div>\n\n\n\n<div class=\"wp-block-uagb-container uagb-block-76beaa22\">\n<figure class=\"wp-block-image size-full\"><img decoding=\"async\" src=\"http:\/\/jingkefence.com\/wp-content\/uploads\/2025\/12\/&#x5FAE;&#x4FE1;&#x56FE;&#x7247;_20230713143556.jpg\" alt=\"&#x5FAE;&#x4FE1;&#x56FE;&#x7247; 20230713143556\" class=\"wp-image-2833\"\/><\/figure>\n<\/div>\n<\/div><\/div>\n\n<div class=\"wp-block-uagb-container uagb-layout-grid uagb-block-e65fdd54 alignfull uagb-is-root-container\"><div class=\"uagb-container-inner-blocks-wrap\">\n<div class=\"wp-block-uagb-info-box uagb-block-785aba8e uagb-infobox__content-wrap  uagb-infobox-icon-above-title uagb-infobox-image-valign-top wp-block-uagb-info-box--has-margin\"><div class=\"uagb-infobox-margin-wrapper\"><div class=\"uagb-ifb-content\"><div class=\"uagb-ifb-title-wrap\"><h4 class=\"uagb-ifb-title-prefix\">Sobre a Empresa<\/h4><h2 class=\"uagb-ifb-title\">Fabricante Profissional<\/h2><\/div><p class=\"uagb-ifb-desc\">Especializada na fabrica\u00e7\u00e3o de cercas de alum\u00ednio, corrim\u00e3os de alum\u00ednio, port\u00f5es de alum\u00ednio e cercas de a\u00e7o.<\/p><\/div><\/div><\/div>\n\n\n\n<div class=\"wp-block-uagb-container uagb-block-43110f3c\">\n<div class=\"wp-block-uagb-advanced-heading uagb-block-76216536\"><p class=\"uagb-heading-text\">A Jingke Fence \u00e9 um fabricante profissional de cercas de alum\u00ednio personalizadas, port\u00f5es, balaustradas e corrim\u00e3os, localizado em Guangdong, China. Temos uma vasta experi\u00eancia na fabrica\u00e7\u00e3o de uma ampla gama de cercas de alum\u00ednio, port\u00f5es e corrim\u00e3os, e fornecemos para empreiteiros, construtores, instaladores e gestores de projetos, bem como diretamente para clientes que desejam instal\u00e1-los por conta pr\u00f3pria, com alta qualidade e pre\u00e7o competitivo.<\/p><p class=\"uagb-desc-text\">Possu\u00edmos uma oficina moderna e bem equipada, onde nossos trabalhadores fabricam nossos port\u00f5es, cercas e corrim\u00e3os de alum\u00ednio de alta qualidade, seguindo pr\u00e1ticas de trabalho seguras.<\/p><\/div>\n\n\n\n<div class=\"wp-block-uagb-advanced-heading uagb-block-1fbb7f32\"><h6 class=\"uagb-heading-text\">Precisa de ajuda? Entre em contato!<\/h6><p class=\"uagb-desc-text\">Telefone: +86 13006721551 ou e-mail: info@jingkefence.com<\/p><\/div>\n<\/div>\n<\/div><\/div>\n\n<div class=\"wp-block-uagb-container uagb-block-024903c9 alignfull uagb-is-root-container\"><div class=\"uagb-container-inner-blocks-wrap\">\n<div class=\"wp-block-uagb-info-box uagb-block-85e2a95b uagb-infobox__content-wrap  uagb-infobox-icon-above-title uagb-infobox-image-valign-top wp-block-uagb-info-box--has-margin\"><div class=\"uagb-infobox-margin-wrapper\"><div class=\"uagb-ifb-content\"><div class=\"uagb-ifb-title-wrap\"><h6 class=\"uagb-ifb-title-prefix\">Por que escolher-nos?<\/h6><h2 class=\"uagb-ifb-title\">Raz\u00f5es para nos escolher<\/h2><\/div><\/div><\/div><\/div>\n\n\n\n<div class=\"wp-block-uagb-container uagb-block-ae7e2640 alignfull uagb-is-root-container\"><div class=\"uagb-container-inner-blocks-wrap\">\n<div class=\"wp-block-uagb-container uagb-block-0b7d6df7\">\n<div class=\"wp-block-uagb-info-box uagb-block-e77757a1 uagb-infobox__content-wrap  uagb-infobox-icon-above-title uagb-infobox-image-valign-top wp-block-uagb-info-box--has-margin\"><div class=\"uagb-infobox-margin-wrapper\"><div class=\"uagb-ifb-content\"><div class=\"uagb-ifb-icon-wrap\"><svg xmlns=\"https:\/\/www.w3.org\/2000\/svg\" viewbox=\"0 0 512 512\"><path d=\"M0 256C0 114.6 114.6 0 256 0C397.4 0 512 114.6 512 256C512 397.4 397.4 512 256 512C114.6 512 0 397.4 0 256zM371.8 211.8C382.7 200.9 382.7 183.1 371.8 172.2C360.9 161.3 343.1 161.3 332.2 172.2L224 280.4L179.8 236.2C168.9 225.3 151.1 225.3 140.2 236.2C129.3 247.1 129.3 264.9 140.2 275.8L204.2 339.8C215.1 350.7 232.9 350.7 243.8 339.8L371.8 211.8z\"><\/path><\/svg><\/div><div class=\"uagb-ifb-title-wrap\"><h6 class=\"uagb-ifb-title\"><strong>Empresa Credenciada<\/strong><\/h6><\/div><div class=\"uagb-ifb-button-wrapper wp-block-button\"><a href=\"#\" class=\"uagb-infobox-cta-link wp-block-button__link\" target=\"_self\" rel=\"noopener noreferrer\" onclick=\"return false;\"><span class=\"uagb-inline-editing\"><\/span><\/a><\/div><\/div><\/div><\/div>\n<\/div>\n\n\n\n<div class=\"wp-block-uagb-container uagb-block-22c401f4\">\n<div class=\"wp-block-uagb-info-box uagb-block-6b3a339a uagb-infobox__content-wrap  uagb-infobox-icon-above-title uagb-infobox-image-valign-top wp-block-uagb-info-box--has-margin\"><div class=\"uagb-infobox-margin-wrapper\"><div class=\"uagb-ifb-content\"><div class=\"uagb-ifb-icon-wrap\"><svg xmlns=\"https:\/\/www.w3.org\/2000\/svg\" viewbox=\"0 0 640 512\"><path d=\"M622.3 271.1l-115.1-45.01c-4.125-1.629-12.62-3.754-22.25 0L369.8 271.1C359 275.2 352 285.1 352 295.1c0 111.6 68.75 188.8 132.9 213.9c9.625 3.75 18 1.625 22.25 0C558.4 489.9 640 420.5 640 295.1C640 285.1 633 275.2 622.3 271.1zM496 462.4V273.2l95.5 37.38C585.9 397.8 530.6 446 496 462.4zM224 256c70.7 0 128-57.31 128-128S294.7 0 224 0C153.3 0 96 57.31 96 128S153.3 256 224 256zM320.6 310.3C305.9 306.3 290.6 304 274.7 304H173.3C77.61 304 0 381.7 0 477.4C0 496.5 15.52 512 34.66 512H413.3c3.143 0 5.967-1.004 8.861-1.789C369.7 469.8 324.1 400.3 320.6 310.3z\"><\/path><\/svg><\/div><div class=\"uagb-ifb-title-wrap\"><h6 class=\"uagb-ifb-title\"><strong><strong>Garantia<\/strong><\/strong><\/h6><\/div><div class=\"uagb-ifb-button-wrapper wp-block-button\"><a href=\"#\" class=\"uagb-infobox-cta-link wp-block-button__link\" target=\"_self\" rel=\"noopener noreferrer\" onclick=\"return false;\"><span class=\"uagb-inline-editing\"><\/span><\/a><\/div><\/div><\/div><\/div>\n<\/div>\n\n\n\n<div class=\"wp-block-uagb-container uagb-block-b1eb5d6d\">\n<div class=\"wp-block-uagb-info-box uagb-block-b1d4fdfb uagb-infobox__content-wrap  uagb-infobox-icon-above-title uagb-infobox-image-valign-top wp-block-uagb-info-box--has-margin\"><div class=\"uagb-infobox-margin-wrapper\"><div class=\"uagb-ifb-content\"><div class=\"uagb-ifb-icon-wrap\"><svg xmlns=\"https:\/\/www.w3.org\/2000\/svg\" viewbox=\"0 0 576 512\"><path d=\"M544 280.9c0-89.17-61.83-165.4-139.6-197.4L352 174.2V49.78C352 39.91 344.1 32 334.2 32H241.8C231.9 32 224 39.91 224 49.78v124.4L171.6 83.53C93.83 115.5 32 191.7 32 280.9L31.99 352h512L544 280.9zM574.7 393.7C572.2 387.8 566.4 384 560 384h-544c-6.375 0-12.16 3.812-14.69 9.656c-2.531 5.875-1.344 12.69 3.062 17.34C7.031 413.8 72.02 480 287.1 480s280.1-66.19 283.6-69C576 406.3 577.2 399.5 574.7 393.7z\"><\/path><\/svg><\/div><div class=\"uagb-ifb-title-wrap\"><h6 class=\"uagb-ifb-title\"><strong><strong>Material de Qualidade<\/strong><\/strong><\/h6><\/div><div class=\"uagb-ifb-button-wrapper wp-block-button\"><a href=\"#\" class=\"uagb-infobox-cta-link wp-block-button__link\" target=\"_self\" rel=\"noopener noreferrer\" onclick=\"return false;\"><span class=\"uagb-inline-editing\"><\/span><\/a><\/div><\/div><\/div><\/div>\n<\/div>\n<\/div><\/div>\n<\/div><\/div>\n\n<p><\/p>\n","protected":false},"excerpt":{"rendered":"<p>Sobre N\u00f3s A Jingke Fence \u00e9 um fabricante profissional de cercas de alum\u00ednio personalizadas, port\u00f5es, balaustradas e corrim\u00e3os, localizado em Guangdong, China. Temos uma vasta experi\u00eancia na fabrica\u00e7\u00e3o de uma ampla gama de cercas de alum\u00ednio, port\u00f5es e corrim\u00e3os, e fornecemos para empreiteiros, construtores, instaladores e gestores de projetos, bem como diretamente para clientes que [&hellip;]<\/p>\n","protected":false},"author":1,"featured_media":0,"parent":0,"menu_order":0,"comment_status":"closed","ping_status":"closed","template":"","meta":{"_uag_custom_page_level_css":"","site-sidebar-layout":"no-sidebar","site-content-layout":"plain-container","ast-site-content-layout":"normal-width-container","site-content-style":"unboxed","site-sidebar-style":"unboxed","ast-global-header-display":"","ast-banner-title-visibility":"","ast-main-header-display":"","ast-hfb-above-header-display":"","ast-hfb-below-header-display":"","ast-hfb-mobile-header-display":"","site-post-title":"disabled","ast-breadcrumbs-content":"","ast-featured-img":"disabled","footer-sml-layout":"","ast-disable-related-posts":"","theme-transparent-header-meta":"enabled","adv-header-id-meta":"","stick-header-meta":"","header-above-stick-meta":"","header-main-stick-meta":"","header-below-stick-meta":"","astra-migrate-meta-layouts":"default","ast-page-background-enabled":"default","ast-page-background-meta":{"desktop":{"background-color":"","background-image":"","background-repeat":"repeat","background-position":"center center","background-size":"auto","background-attachment":"scroll","background-type":"","background-media":"","overlay-type":"","overlay-color":"","overlay-opacity":"","overlay-gradient":""},"tablet":{"background-color":"","background-image":"","background-repeat":"repeat","background-position":"center center","background-size":"auto","background-attachment":"scroll","background-type":"","background-media":"","overlay-type":"","overlay-color":"","overlay-opacity":"","overlay-gradient":""},"mobile":{"background-color":"","background-image":"","background-repeat":"repeat","background-position":"center center","background-size":"auto","background-attachment":"scroll","background-type":"","background-media":"","overlay-type":"","overlay-color":"","overlay-opacity":"","overlay-gradient":""}},"ast-content-background-meta":{"desktop":{"background-color":"var(--ast-global-color-5)","background-image":"","background-repeat":"repeat","background-position":"center center","background-size":"auto","background-attachment":"scroll","background-type":"","background-media":"","overlay-type":"","overlay-color":"","overlay-opacity":"","overlay-gradient":""},"tablet":{"background-color":"var(--ast-global-color-5)","background-image":"","background-repeat":"repeat","background-position":"center center","background-size":"auto","background-attachment":"scroll","background-type":"","background-media":"","overlay-type":"","overlay-color":"","overlay-opacity":"","overlay-gradient":""},"mobile":{"background-color":"var(--ast-global-color-5)","background-image":"","background-repeat":"repeat","background-position":"center center","background-size":"auto","background-attachment":"scroll","background-type":"","background-media":"","overlay-type":"","overlay-color":"","overlay-opacity":"","overlay-gradient":""}},"footnotes":""},"class_list":["post-3257","page","type-page","status-publish","hentry"],"aioseo_notices":[],"_hostinger_reach_plugin_has_subscription_block":false,"_hostinger_reach_plugin_is_elementor":false,"uagb_featured_image_src":{"full":false,"thumbnail":false,"medium":false,"medium_large":false,"large":false,"1536x1536":false,"2048x2048":false,"woocommerce_thumbnail":false,"woocommerce_single":false,"woocommerce_gallery_thumbnail":false},"uagb_author_info":{"display_name":"Katrina","author_link":"https:\/\/jingkefence.com\/pt-br\/author\/katrina-l88outlook-com\/"},"uagb_comment_info":0,"uagb_excerpt":"Sobre N\u00f3s A Jingke Fence \u00e9 um fabricante profissional de cercas de alum\u00ednio personalizadas, port\u00f5es, balaustradas e corrim\u00e3os, localizado em Guangdong, China. Temos uma vasta experi\u00eancia na fabrica\u00e7\u00e3o de uma ampla gama de cercas de alum\u00ednio, port\u00f5es e corrim\u00e3os, e fornecemos para empreiteiros, construtores, instaladores e gestores de projetos, bem como diretamente para clientes que&hellip;","_links":{"self":[{"href":"https:\/\/jingkefence.com\/pt-br\/wp-json\/wp\/v2\/pages\/3257","targetHints":{"allow":["GET"]}}],"collection":[{"href":"https:\/\/jingkefence.com\/pt-br\/wp-json\/wp\/v2\/pages"}],"about":[{"href":"https:\/\/jingkefence.com\/pt-br\/wp-json\/wp\/v2\/types\/page"}],"author":[{"embeddable":true,"href":"https:\/\/jingkefence.com\/pt-br\/wp-json\/wp\/v2\/users\/1"}],"replies":[{"embeddable":true,"href":"https:\/\/jingkefence.com\/pt-br\/wp-json\/wp\/v2\/comments?post=3257"}],"version-history":[{"count":2,"href":"https:\/\/jingkefence.com\/pt-br\/wp-json\/wp\/v2\/pages\/3257\/revisions"}],"predecessor-version":[{"id":3263,"href":"https:\/\/jingkefence.com\/pt-br\/wp-json\/wp\/v2\/pages\/3257\/revisions\/3263"}],"wp:attachment":[{"href":"https:\/\/jingkefence.com\/pt-br\/wp-json\/wp\/v2\/media?parent=3257"}],"curies":[{"name":"wp","href":"https:\/\/api.w.org\/{rel}","templated":true}]}}