{"id":3190,"date":"2025-12-10T18:50:39","date_gmt":"2025-12-11T02:50:39","guid":{"rendered":"https:\/\/jingkefence.com\/product\/cerca-de-aluminio-duravel-para-patio\/"},"modified":"2025-12-10T18:50:39","modified_gmt":"2025-12-11T02:50:39","slug":"cerca-de-aluminio-duravel-para-patio","status":"publish","type":"product","link":"https:\/\/jingkefence.com\/pt-br\/product\/cerca-de-aluminio-duravel-para-patio\/","title":{"rendered":"Cerca de Alum\u00ednio Dur\u00e1vel para P\u00e1tio"},"content":{"rendered":"","protected":false},"excerpt":{"rendered":"<p>1.Cerca de alum\u00ednio<br \/>\n2.Espessura: 2,0 mm &#8211; 2,5 mm<br \/>\n3.Cores personalizadas (\u6216 Cores sob consulta)<br \/>\n4.Dimens\u00f5es personaliz\u00e1veis conforme a necessidade do cliente.<br \/>\n5.Suporte t\u00e9cnico online<br \/>\n6.Embalagem: Caixa de madeira<\/p>\n","protected":false},"featured_media":3191,"template":"","meta":{"_uag_custom_page_level_css":"","site-sidebar-layout":"default","site-content-layout":"","ast-site-content-layout":"default","site-content-style":"default","site-sidebar-style":"default","ast-global-header-display":"","ast-banner-title-visibility":"","ast-main-header-display":"","ast-hfb-above-header-display":"","ast-hfb-below-header-display":"","ast-hfb-mobile-header-display":"","site-post-title":"","ast-breadcrumbs-content":"","ast-featured-img":"","footer-sml-layout":"","ast-disable-related-posts":"","theme-transparent-header-meta":"default","adv-header-id-meta":"","stick-header-meta":"","header-above-stick-meta":"","header-main-stick-meta":"","header-below-stick-meta":"","astra-migrate-meta-layouts":"default","ast-page-background-enabled":"default","ast-page-background-meta":{"desktop":{"background-color":"","background-image":"","background-repeat":"repeat","background-position":"center center","background-size":"auto","background-attachment":"scroll","background-type":"","background-media":"","overlay-type":"","overlay-color":"","overlay-opacity":"","overlay-gradient":""},"tablet":{"background-color":"","background-image":"","background-repeat":"repeat","background-position":"center center","background-size":"auto","background-attachment":"scroll","background-type":"","background-media":"","overlay-type":"","overlay-color":"","overlay-opacity":"","overlay-gradient":""},"mobile":{"background-color":"","background-image":"","background-repeat":"repeat","background-position":"center center","background-size":"auto","background-attachment":"scroll","background-type":"","background-media":"","overlay-type":"","overlay-color":"","overlay-opacity":"","overlay-gradient":""}},"ast-content-background-meta":{"desktop":{"background-color":"var(--ast-global-color-5)","background-image":"","background-repeat":"repeat","background-position":"center center","background-size":"auto","background-attachment":"scroll","background-type":"","background-media":"","overlay-type":"","overlay-color":"","overlay-opacity":"","overlay-gradient":""},"tablet":{"background-color":"var(--ast-global-color-5)","background-image":"","background-repeat":"repeat","background-position":"center center","background-size":"auto","background-attachment":"scroll","background-type":"","background-media":"","overlay-type":"","overlay-color":"","overlay-opacity":"","overlay-gradient":""},"mobile":{"background-color":"var(--ast-global-color-5)","background-image":"","background-repeat":"repeat","background-position":"center center","background-size":"auto","background-attachment":"scroll","background-type":"","background-media":"","overlay-type":"","overlay-color":"","overlay-opacity":"","overlay-gradient":""}}},"product_brand":[],"product_cat":[52],"product_tag":[],"class_list":{"0":"post-3190","1":"product","2":"type-product","3":"status-publish","4":"has-post-thumbnail","6":"product_cat-cerca-de-aluminio","7":"desktop-align-center","8":"tablet-align-left","9":"mobile-align-left","11":"first","12":"instock","13":"shipping-taxable","14":"product-type-simple"},"aioseo_notices":[],"uagb_featured_image_src":{"full":["https:\/\/jingkefence.com\/wp-content\/uploads\/2025\/12\/H2cfeec78b3b84088af9f08649e256659O.png",650,650,false],"thumbnail":["https:\/\/jingkefence.com\/wp-content\/uploads\/2025\/12\/H2cfeec78b3b84088af9f08649e256659O-150x150.png",150,150,true],"medium":["https:\/\/jingkefence.com\/wp-content\/uploads\/2025\/12\/H2cfeec78b3b84088af9f08649e256659O-300x300.png",300,300,true],"medium_large":["https:\/\/jingkefence.com\/wp-content\/uploads\/2025\/12\/H2cfeec78b3b84088af9f08649e256659O.png",650,650,false],"large":["https:\/\/jingkefence.com\/wp-content\/uploads\/2025\/12\/H2cfeec78b3b84088af9f08649e256659O.png",650,650,false],"1536x1536":["https:\/\/jingkefence.com\/wp-content\/uploads\/2025\/12\/H2cfeec78b3b84088af9f08649e256659O.png",650,650,false],"2048x2048":["https:\/\/jingkefence.com\/wp-content\/uploads\/2025\/12\/H2cfeec78b3b84088af9f08649e256659O.png",650,650,false],"woocommerce_thumbnail":["https:\/\/jingkefence.com\/wp-content\/uploads\/2025\/12\/H2cfeec78b3b84088af9f08649e256659O-300x300.png",300,300,true],"woocommerce_single":["https:\/\/jingkefence.com\/wp-content\/uploads\/2025\/12\/H2cfeec78b3b84088af9f08649e256659O-600x600.png",600,600,true],"woocommerce_gallery_thumbnail":["https:\/\/jingkefence.com\/wp-content\/uploads\/2025\/12\/H2cfeec78b3b84088af9f08649e256659O-100x100.png",100,100,true]},"uagb_author_info":{"display_name":"Katrina","author_link":"https:\/\/jingkefence.com\/pt-br\/author\/"},"uagb_comment_info":0,"uagb_excerpt":"1.Cerca de alum\u00ednio 2.Espessura: 2,0 mm - 2,5 mm 3.Cores personalizadas (\u6216 Cores sob consulta) 4.Dimens\u00f5es personaliz\u00e1veis conforme a necessidade do cliente. 5.Suporte t\u00e9cnico online 6.Embalagem: Caixa de madeira","_links":{"self":[{"href":"https:\/\/jingkefence.com\/pt-br\/wp-json\/wp\/v2\/product\/3190","targetHints":{"allow":["GET"]}}],"collection":[{"href":"https:\/\/jingkefence.com\/pt-br\/wp-json\/wp\/v2\/product"}],"about":[{"href":"https:\/\/jingkefence.com\/pt-br\/wp-json\/wp\/v2\/types\/product"}],"wp:featuredmedia":[{"embeddable":true,"href":"https:\/\/jingkefence.com\/pt-br\/wp-json\/wp\/v2\/media\/3191"}],"wp:attachment":[{"href":"https:\/\/jingkefence.com\/pt-br\/wp-json\/wp\/v2\/media?parent=3190"}],"wp:term":[{"taxonomy":"product_brand","embeddable":true,"href":"https:\/\/jingkefence.com\/pt-br\/wp-json\/wp\/v2\/product_brand?post=3190"},{"taxonomy":"product_cat","embeddable":true,"href":"https:\/\/jingkefence.com\/pt-br\/wp-json\/wp\/v2\/product_cat?post=3190"},{"taxonomy":"product_tag","embeddable":true,"href":"https:\/\/jingkefence.com\/pt-br\/wp-json\/wp\/v2\/product_tag?post=3190"}],"curies":[{"name":"wp","href":"https:\/\/api.w.org\/{rel}","templated":true}]}}