{"id":3194,"date":"2025-12-10T19:32:42","date_gmt":"2025-12-11T03:32:42","guid":{"rendered":"https:\/\/jingkefence.com\/product\/corrimao-de-aluminio-aluminio-vidro-2\/"},"modified":"2025-12-10T19:32:42","modified_gmt":"2025-12-11T03:32:42","slug":"corrimao-de-aluminio-aluminio-vidro-2","status":"publish","type":"product","link":"https:\/\/jingkefence.com\/pt-br\/product\/corrimao-de-aluminio-aluminio-vidro-2\/","title":{"rendered":"Corrim\u00e3o de Alum\u00ednio (Alum\u00ednio + Vidro)"},"content":{"rendered":"","protected":false},"excerpt":{"rendered":"<p>1.Corrim\u00e3o de alum\u00ednio<br \/>\n2.Espessura: 2,0mm &#8211; 2,5mm<br \/>\n3.Cores personalizadas<br \/>\n4.Tamanho sob medida<br \/>\n5.Suporte t\u00e9cnico online<br \/>\n6.Embalagem: caixa de madeira<\/p>\n","protected":false},"featured_media":3195,"template":"","meta":{"_uag_custom_page_level_css":"","site-sidebar-layout":"default","site-content-layout":"","ast-site-content-layout":"default","site-content-style":"default","site-sidebar-style":"default","ast-global-header-display":"","ast-banner-title-visibility":"","ast-main-header-display":"","ast-hfb-above-header-display":"","ast-hfb-below-header-display":"","ast-hfb-mobile-header-display":"","site-post-title":"","ast-breadcrumbs-content":"","ast-featured-img":"","footer-sml-layout":"","ast-disable-related-posts":"","theme-transparent-header-meta":"default","adv-header-id-meta":"","stick-header-meta":"","header-above-stick-meta":"","header-main-stick-meta":"","header-below-stick-meta":"","astra-migrate-meta-layouts":"default","ast-page-background-enabled":"default","ast-page-background-meta":{"desktop":{"background-color":"","background-image":"","background-repeat":"repeat","background-position":"center center","background-size":"auto","background-attachment":"scroll","background-type":"","background-media":"","overlay-type":"","overlay-color":"","overlay-opacity":"","overlay-gradient":""},"tablet":{"background-color":"","background-image":"","background-repeat":"repeat","background-position":"center center","background-size":"auto","background-attachment":"scroll","background-type":"","background-media":"","overlay-type":"","overlay-color":"","overlay-opacity":"","overlay-gradient":""},"mobile":{"background-color":"","background-image":"","background-repeat":"repeat","background-position":"center center","background-size":"auto","background-attachment":"scroll","background-type":"","background-media":"","overlay-type":"","overlay-color":"","overlay-opacity":"","overlay-gradient":""}},"ast-content-background-meta":{"desktop":{"background-color":"var(--ast-global-color-5)","background-image":"","background-repeat":"repeat","background-position":"center center","background-size":"auto","background-attachment":"scroll","background-type":"","background-media":"","overlay-type":"","overlay-color":"","overlay-opacity":"","overlay-gradient":""},"tablet":{"background-color":"var(--ast-global-color-5)","background-image":"","background-repeat":"repeat","background-position":"center center","background-size":"auto","background-attachment":"scroll","background-type":"","background-media":"","overlay-type":"","overlay-color":"","overlay-opacity":"","overlay-gradient":""},"mobile":{"background-color":"var(--ast-global-color-5)","background-image":"","background-repeat":"repeat","background-position":"center center","background-size":"auto","background-attachment":"scroll","background-type":"","background-media":"","overlay-type":"","overlay-color":"","overlay-opacity":"","overlay-gradient":""}}},"product_brand":[],"product_cat":[53],"product_tag":[],"class_list":{"0":"post-3194","1":"product","2":"type-product","3":"status-publish","4":"has-post-thumbnail","6":"product_cat-corrimao-de-aluminio","7":"desktop-align-center","8":"tablet-align-left","9":"mobile-align-left","11":"first","12":"instock","13":"shipping-taxable","14":"product-type-simple"},"aioseo_notices":[],"uagb_featured_image_src":{"full":["https:\/\/jingkefence.com\/wp-content\/uploads\/2025\/12\/\u5fae\u4fe1\u56fe\u7247_20220728154105-1.jpg",800,800,false],"thumbnail":["https:\/\/jingkefence.com\/wp-content\/uploads\/2025\/12\/\u5fae\u4fe1\u56fe\u7247_20220728154105-1-150x150.jpg",150,150,true],"medium":["https:\/\/jingkefence.com\/wp-content\/uploads\/2025\/12\/\u5fae\u4fe1\u56fe\u7247_20220728154105-1-300x300.jpg",300,300,true],"medium_large":["https:\/\/jingkefence.com\/wp-content\/uploads\/2025\/12\/\u5fae\u4fe1\u56fe\u7247_20220728154105-1-768x768.jpg",768,768,true],"large":["https:\/\/jingkefence.com\/wp-content\/uploads\/2025\/12\/\u5fae\u4fe1\u56fe\u7247_20220728154105-1.jpg",800,800,false],"1536x1536":["https:\/\/jingkefence.com\/wp-content\/uploads\/2025\/12\/\u5fae\u4fe1\u56fe\u7247_20220728154105-1.jpg",800,800,false],"2048x2048":["https:\/\/jingkefence.com\/wp-content\/uploads\/2025\/12\/\u5fae\u4fe1\u56fe\u7247_20220728154105-1.jpg",800,800,false],"woocommerce_thumbnail":["https:\/\/jingkefence.com\/wp-content\/uploads\/2025\/12\/\u5fae\u4fe1\u56fe\u7247_20220728154105-1-300x300.jpg",300,300,true],"woocommerce_single":["https:\/\/jingkefence.com\/wp-content\/uploads\/2025\/12\/\u5fae\u4fe1\u56fe\u7247_20220728154105-1-600x600.jpg",600,600,true],"woocommerce_gallery_thumbnail":["https:\/\/jingkefence.com\/wp-content\/uploads\/2025\/12\/\u5fae\u4fe1\u56fe\u7247_20220728154105-1-100x100.jpg",100,100,true]},"uagb_author_info":{"display_name":"Katrina","author_link":"https:\/\/jingkefence.com\/pt-br\/author\/"},"uagb_comment_info":0,"uagb_excerpt":"1.Corrim\u00e3o de alum\u00ednio 2.Espessura: 2,0mm - 2,5mm 3.Cores personalizadas 4.Tamanho sob medida 5.Suporte t\u00e9cnico online 6.Embalagem: caixa de madeira","_links":{"self":[{"href":"https:\/\/jingkefence.com\/pt-br\/wp-json\/wp\/v2\/product\/3194","targetHints":{"allow":["GET"]}}],"collection":[{"href":"https:\/\/jingkefence.com\/pt-br\/wp-json\/wp\/v2\/product"}],"about":[{"href":"https:\/\/jingkefence.com\/pt-br\/wp-json\/wp\/v2\/types\/product"}],"wp:featuredmedia":[{"embeddable":true,"href":"https:\/\/jingkefence.com\/pt-br\/wp-json\/wp\/v2\/media\/3195"}],"wp:attachment":[{"href":"https:\/\/jingkefence.com\/pt-br\/wp-json\/wp\/v2\/media?parent=3194"}],"wp:term":[{"taxonomy":"product_brand","embeddable":true,"href":"https:\/\/jingkefence.com\/pt-br\/wp-json\/wp\/v2\/product_brand?post=3194"},{"taxonomy":"product_cat","embeddable":true,"href":"https:\/\/jingkefence.com\/pt-br\/wp-json\/wp\/v2\/product_cat?post=3194"},{"taxonomy":"product_tag","embeddable":true,"href":"https:\/\/jingkefence.com\/pt-br\/wp-json\/wp\/v2\/product_tag?post=3194"}],"curies":[{"name":"wp","href":"https:\/\/api.w.org\/{rel}","templated":true}]}}