{"id":3219,"date":"2025-12-28T21:25:09","date_gmt":"2025-12-29T05:25:09","guid":{"rendered":"https:\/\/jingkefence.com\/product\/portoes-eletricos-de-aluminio\/"},"modified":"2025-12-28T21:25:09","modified_gmt":"2025-12-29T05:25:09","slug":"portoes-eletricos-de-aluminio","status":"publish","type":"product","link":"https:\/\/jingkefence.com\/pt-br\/product\/portoes-eletricos-de-aluminio\/","title":{"rendered":"Port\u00f5es El\u00e9tricos de Alum\u00ednio"},"content":{"rendered":"","protected":false},"excerpt":{"rendered":"<p>1.Port\u00f5es el\u00e9tricos de alum\u00ednio<br \/>\n2.Espessura: 2,0 mm &#8211; 2,5 mm<br \/>\n3.Cores personalizadas<br \/>\n4.Dimens\u00f5es personaliz\u00e1veis conforme a necessidade do cliente<br \/>\n5.Suporte t\u00e9cnico online<br \/>\n6.Embalagem: Caixa de madeira<br \/>\n7.Aceito OEM\/ODM<\/p>\n","protected":false},"featured_media":3220,"template":"","meta":{"_uag_custom_page_level_css":"","site-sidebar-layout":"default","site-content-layout":"","ast-site-content-layout":"default","site-content-style":"default","site-sidebar-style":"default","ast-global-header-display":"","ast-banner-title-visibility":"","ast-main-header-display":"","ast-hfb-above-header-display":"","ast-hfb-below-header-display":"","ast-hfb-mobile-header-display":"","site-post-title":"","ast-breadcrumbs-content":"","ast-featured-img":"","footer-sml-layout":"","ast-disable-related-posts":"","theme-transparent-header-meta":"default","adv-header-id-meta":"","stick-header-meta":"","header-above-stick-meta":"","header-main-stick-meta":"","header-below-stick-meta":"","astra-migrate-meta-layouts":"default","ast-page-background-enabled":"default","ast-page-background-meta":{"desktop":{"background-color":"","background-image":"","background-repeat":"repeat","background-position":"center center","background-size":"auto","background-attachment":"scroll","background-type":"","background-media":"","overlay-type":"","overlay-color":"","overlay-opacity":"","overlay-gradient":""},"tablet":{"background-color":"","background-image":"","background-repeat":"repeat","background-position":"center center","background-size":"auto","background-attachment":"scroll","background-type":"","background-media":"","overlay-type":"","overlay-color":"","overlay-opacity":"","overlay-gradient":""},"mobile":{"background-color":"","background-image":"","background-repeat":"repeat","background-position":"center center","background-size":"auto","background-attachment":"scroll","background-type":"","background-media":"","overlay-type":"","overlay-color":"","overlay-opacity":"","overlay-gradient":""}},"ast-content-background-meta":{"desktop":{"background-color":"var(--ast-global-color-5)","background-image":"","background-repeat":"repeat","background-position":"center center","background-size":"auto","background-attachment":"scroll","background-type":"","background-media":"","overlay-type":"","overlay-color":"","overlay-opacity":"","overlay-gradient":""},"tablet":{"background-color":"var(--ast-global-color-5)","background-image":"","background-repeat":"repeat","background-position":"center center","background-size":"auto","background-attachment":"scroll","background-type":"","background-media":"","overlay-type":"","overlay-color":"","overlay-opacity":"","overlay-gradient":""},"mobile":{"background-color":"var(--ast-global-color-5)","background-image":"","background-repeat":"repeat","background-position":"center center","background-size":"auto","background-attachment":"scroll","background-type":"","background-media":"","overlay-type":"","overlay-color":"","overlay-opacity":"","overlay-gradient":""}}},"product_brand":[],"product_cat":[50],"product_tag":[],"class_list":{"0":"post-3219","1":"product","2":"type-product","3":"status-publish","4":"has-post-thumbnail","6":"product_cat-portoes-de-aluminio","7":"desktop-align-center","8":"tablet-align-left","9":"mobile-align-left","11":"first","12":"instock","13":"shipping-taxable","14":"product-type-simple"},"aioseo_notices":[],"uagb_featured_image_src":{"full":["https:\/\/jingkefence.com\/wp-content\/uploads\/2025\/12\/\u7b2c37\u9875-HL157.jpg",800,800,false],"thumbnail":["https:\/\/jingkefence.com\/wp-content\/uploads\/2025\/12\/\u7b2c37\u9875-HL157-150x150.jpg",150,150,true],"medium":["https:\/\/jingkefence.com\/wp-content\/uploads\/2025\/12\/\u7b2c37\u9875-HL157-300x300.jpg",300,300,true],"medium_large":["https:\/\/jingkefence.com\/wp-content\/uploads\/2025\/12\/\u7b2c37\u9875-HL157-768x768.jpg",768,768,true],"large":["https:\/\/jingkefence.com\/wp-content\/uploads\/2025\/12\/\u7b2c37\u9875-HL157.jpg",800,800,false],"1536x1536":["https:\/\/jingkefence.com\/wp-content\/uploads\/2025\/12\/\u7b2c37\u9875-HL157.jpg",800,800,false],"2048x2048":["https:\/\/jingkefence.com\/wp-content\/uploads\/2025\/12\/\u7b2c37\u9875-HL157.jpg",800,800,false],"woocommerce_thumbnail":["https:\/\/jingkefence.com\/wp-content\/uploads\/2025\/12\/\u7b2c37\u9875-HL157-300x300.jpg",300,300,true],"woocommerce_single":["https:\/\/jingkefence.com\/wp-content\/uploads\/2025\/12\/\u7b2c37\u9875-HL157-600x600.jpg",600,600,true],"woocommerce_gallery_thumbnail":["https:\/\/jingkefence.com\/wp-content\/uploads\/2025\/12\/\u7b2c37\u9875-HL157-100x100.jpg",100,100,true]},"uagb_author_info":{"display_name":"Katrina","author_link":"https:\/\/jingkefence.com\/pt-br\/author\/"},"uagb_comment_info":0,"uagb_excerpt":"1.Port\u00f5es el\u00e9tricos de alum\u00ednio 2.Espessura: 2,0 mm - 2,5 mm 3.Cores personalizadas 4.Dimens\u00f5es personaliz\u00e1veis conforme a necessidade do cliente 5.Suporte t\u00e9cnico online 6.Embalagem: Caixa de madeira 7.Aceito OEM\/ODM","_links":{"self":[{"href":"https:\/\/jingkefence.com\/pt-br\/wp-json\/wp\/v2\/product\/3219","targetHints":{"allow":["GET"]}}],"collection":[{"href":"https:\/\/jingkefence.com\/pt-br\/wp-json\/wp\/v2\/product"}],"about":[{"href":"https:\/\/jingkefence.com\/pt-br\/wp-json\/wp\/v2\/types\/product"}],"wp:featuredmedia":[{"embeddable":true,"href":"https:\/\/jingkefence.com\/pt-br\/wp-json\/wp\/v2\/media\/3220"}],"wp:attachment":[{"href":"https:\/\/jingkefence.com\/pt-br\/wp-json\/wp\/v2\/media?parent=3219"}],"wp:term":[{"taxonomy":"product_brand","embeddable":true,"href":"https:\/\/jingkefence.com\/pt-br\/wp-json\/wp\/v2\/product_brand?post=3219"},{"taxonomy":"product_cat","embeddable":true,"href":"https:\/\/jingkefence.com\/pt-br\/wp-json\/wp\/v2\/product_cat?post=3219"},{"taxonomy":"product_tag","embeddable":true,"href":"https:\/\/jingkefence.com\/pt-br\/wp-json\/wp\/v2\/product_tag?post=3219"}],"curies":[{"name":"wp","href":"https:\/\/api.w.org\/{rel}","templated":true}]}}