{"id":3326,"date":"2025-12-10T01:14:05","date_gmt":"2025-12-10T09:14:05","guid":{"rendered":"https:\/\/jingkefence.com\/product\/cerca-de-aco-personalizada-para-patio\/"},"modified":"2025-12-10T01:14:05","modified_gmt":"2025-12-10T09:14:05","slug":"cerca-de-aco-personalizada-para-patio","status":"publish","type":"product","link":"https:\/\/jingkefence.com\/pt-br\/product\/cerca-de-aco-personalizada-para-patio\/","title":{"rendered":"Cerca de A\u00e7o Personalizada para P\u00e1tio"},"content":{"rendered":"","protected":false},"excerpt":{"rendered":"<p>1.Revestido com um acabamento em pintura eletrost\u00e1tica a p\u00f3 que dispensa manuten\u00e7\u00e3o.<br \/>\n2.Os pain\u00e9is s\u00e3o fornecidos pr\u00e9-montados.<br \/>\n3.A cerca residencial est\u00e1 dispon\u00edvel em quatro estilos padr\u00e3o.<br \/>\n4.As dimens\u00f5es podem ser personalizadas de acordo com as necessidades do cliente.<\/p>\n","protected":false},"featured_media":3279,"template":"","meta":{"_uag_custom_page_level_css":"","site-sidebar-layout":"default","site-content-layout":"","ast-site-content-layout":"default","site-content-style":"default","site-sidebar-style":"default","ast-global-header-display":"","ast-banner-title-visibility":"","ast-main-header-display":"","ast-hfb-above-header-display":"","ast-hfb-below-header-display":"","ast-hfb-mobile-header-display":"","site-post-title":"","ast-breadcrumbs-content":"","ast-featured-img":"","footer-sml-layout":"","ast-disable-related-posts":"","theme-transparent-header-meta":"default","adv-header-id-meta":"","stick-header-meta":"","header-above-stick-meta":"","header-main-stick-meta":"","header-below-stick-meta":"","astra-migrate-meta-layouts":"default","ast-page-background-enabled":"default","ast-page-background-meta":{"desktop":{"background-color":"","background-image":"","background-repeat":"repeat","background-position":"center center","background-size":"auto","background-attachment":"scroll","background-type":"","background-media":"","overlay-type":"","overlay-color":"","overlay-opacity":"","overlay-gradient":""},"tablet":{"background-color":"","background-image":"","background-repeat":"repeat","background-position":"center center","background-size":"auto","background-attachment":"scroll","background-type":"","background-media":"","overlay-type":"","overlay-color":"","overlay-opacity":"","overlay-gradient":""},"mobile":{"background-color":"","background-image":"","background-repeat":"repeat","background-position":"center center","background-size":"auto","background-attachment":"scroll","background-type":"","background-media":"","overlay-type":"","overlay-color":"","overlay-opacity":"","overlay-gradient":""}},"ast-content-background-meta":{"desktop":{"background-color":"var(--ast-global-color-5)","background-image":"","background-repeat":"repeat","background-position":"center center","background-size":"auto","background-attachment":"scroll","background-type":"","background-media":"","overlay-type":"","overlay-color":"","overlay-opacity":"","overlay-gradient":""},"tablet":{"background-color":"var(--ast-global-color-5)","background-image":"","background-repeat":"repeat","background-position":"center center","background-size":"auto","background-attachment":"scroll","background-type":"","background-media":"","overlay-type":"","overlay-color":"","overlay-opacity":"","overlay-gradient":""},"mobile":{"background-color":"var(--ast-global-color-5)","background-image":"","background-repeat":"repeat","background-position":"center center","background-size":"auto","background-attachment":"scroll","background-type":"","background-media":"","overlay-type":"","overlay-color":"","overlay-opacity":"","overlay-gradient":""}}},"product_brand":[],"product_cat":[56],"product_tag":[],"class_list":{"0":"post-3326","1":"product","2":"type-product","3":"status-publish","4":"has-post-thumbnail","6":"product_cat-cerca-de-aco","7":"desktop-align-center","8":"tablet-align-left","9":"mobile-align-left","11":"first","12":"instock","13":"shipping-taxable","14":"product-type-simple"},"aioseo_notices":[],"uagb_featured_image_src":{"full":["https:\/\/jingkefence.com\/wp-content\/uploads\/2025\/12\/1.jpg",800,800,false],"thumbnail":["https:\/\/jingkefence.com\/wp-content\/uploads\/2025\/12\/1-150x150.jpg",150,150,true],"medium":["https:\/\/jingkefence.com\/wp-content\/uploads\/2025\/12\/1-300x300.jpg",300,300,true],"medium_large":["https:\/\/jingkefence.com\/wp-content\/uploads\/2025\/12\/1-768x768.jpg",768,768,true],"large":["https:\/\/jingkefence.com\/wp-content\/uploads\/2025\/12\/1.jpg",800,800,false],"1536x1536":["https:\/\/jingkefence.com\/wp-content\/uploads\/2025\/12\/1.jpg",800,800,false],"2048x2048":["https:\/\/jingkefence.com\/wp-content\/uploads\/2025\/12\/1.jpg",800,800,false],"woocommerce_thumbnail":["https:\/\/jingkefence.com\/wp-content\/uploads\/2025\/12\/1-300x300.jpg",300,300,true],"woocommerce_single":["https:\/\/jingkefence.com\/wp-content\/uploads\/2025\/12\/1-600x600.jpg",600,600,true],"woocommerce_gallery_thumbnail":["https:\/\/jingkefence.com\/wp-content\/uploads\/2025\/12\/1-100x100.jpg",100,100,true]},"uagb_author_info":{"display_name":"Katrina","author_link":"https:\/\/jingkefence.com\/pt-br\/author\/"},"uagb_comment_info":0,"uagb_excerpt":"1.Revestido com um acabamento em pintura eletrost\u00e1tica a p\u00f3 que dispensa manuten\u00e7\u00e3o. 2.Os pain\u00e9is s\u00e3o fornecidos pr\u00e9-montados. 3.A cerca residencial est\u00e1 dispon\u00edvel em quatro estilos padr\u00e3o. 4.As dimens\u00f5es podem ser personalizadas de acordo com as necessidades do cliente.","_links":{"self":[{"href":"https:\/\/jingkefence.com\/pt-br\/wp-json\/wp\/v2\/product\/3326","targetHints":{"allow":["GET"]}}],"collection":[{"href":"https:\/\/jingkefence.com\/pt-br\/wp-json\/wp\/v2\/product"}],"about":[{"href":"https:\/\/jingkefence.com\/pt-br\/wp-json\/wp\/v2\/types\/product"}],"wp:featuredmedia":[{"embeddable":true,"href":"https:\/\/jingkefence.com\/pt-br\/wp-json\/wp\/v2\/media\/3279"}],"wp:attachment":[{"href":"https:\/\/jingkefence.com\/pt-br\/wp-json\/wp\/v2\/media?parent=3326"}],"wp:term":[{"taxonomy":"product_brand","embeddable":true,"href":"https:\/\/jingkefence.com\/pt-br\/wp-json\/wp\/v2\/product_brand?post=3326"},{"taxonomy":"product_cat","embeddable":true,"href":"https:\/\/jingkefence.com\/pt-br\/wp-json\/wp\/v2\/product_cat?post=3326"},{"taxonomy":"product_tag","embeddable":true,"href":"https:\/\/jingkefence.com\/pt-br\/wp-json\/wp\/v2\/product_tag?post=3326"}],"curies":[{"name":"wp","href":"https:\/\/api.w.org\/{rel}","templated":true}]}}