{"id":3437,"date":"2025-12-01T05:07:04","date_gmt":"2025-12-01T13:07:04","guid":{"rendered":"https:\/\/jingkefence.com\/ve-chung-toi\/"},"modified":"2026-04-01T16:34:23","modified_gmt":"2026-04-02T00:34:23","slug":"ve-chung-toi","status":"publish","type":"page","link":"https:\/\/jingkefence.com\/vi\/ve-chung-toi\/","title":{"rendered":"V\u1ec1 ch\u00fang t\u00f4i"},"content":{"rendered":"\n<div class=\"wp-block-uagb-container uagb-block-93bb43df alignfull uagb-is-root-container\"><div class=\"uagb-container-inner-blocks-wrap\">\n<div class=\"wp-block-uagb-advanced-heading uagb-block-60b4616a\"><h1 class=\"uagb-heading-text\">V\u1ec1 ch\u00fang t\u00f4i<\/h1><\/div>\n<\/div><\/div>\n\n<p><\/p>\n\n<div class=\"wp-block-uagb-container uagb-block-41eacb3b alignfull uagb-is-root-container\"><div class=\"uagb-container-inner-blocks-wrap\">\n<div class=\"wp-block-uagb-container uagb-block-19005d3c\">\n<figure class=\"wp-block-image size-full\"><img decoding=\"async\" src=\"http:\/\/jingkefence.com\/wp-content\/uploads\/2025\/12\/&#x5FAE;&#x4FE1;&#x56FE;&#x7247;_20251203220749_201_23.jpg\" alt=\"20251203220749 201 23\" class=\"wp-image-2515\"\/><\/figure>\n<\/div>\n\n\n\n<div class=\"wp-block-uagb-container uagb-block-1f736c14\">\n<figure class=\"wp-block-image size-full\"><img loading=\"lazy\" decoding=\"async\" width=\"800\" height=\"800\" src=\"http:\/\/jingkefence.com\/wp-content\/uploads\/2025\/12\/O1CN01XZQ4fZ1jTUWH162AO_2215145774549-0-cbucrm.jpg_Q75.jpg\" alt=\"o1cn01xzq4fz1jtuwh162ao !!2215145774549 0 cbucrm.jpg q75\" class=\"wp-image-2832\" srcset=\"https:\/\/jingkefence.com\/wp-content\/uploads\/2025\/12\/O1CN01XZQ4fZ1jTUWH162AO_2215145774549-0-cbucrm.jpg_Q75.jpg 800w, https:\/\/jingkefence.com\/wp-content\/uploads\/2025\/12\/O1CN01XZQ4fZ1jTUWH162AO_2215145774549-0-cbucrm.jpg_Q75-300x300.jpg 300w, https:\/\/jingkefence.com\/wp-content\/uploads\/2025\/12\/O1CN01XZQ4fZ1jTUWH162AO_2215145774549-0-cbucrm.jpg_Q75-150x150.jpg 150w, https:\/\/jingkefence.com\/wp-content\/uploads\/2025\/12\/O1CN01XZQ4fZ1jTUWH162AO_2215145774549-0-cbucrm.jpg_Q75-768x768.jpg 768w, https:\/\/jingkefence.com\/wp-content\/uploads\/2025\/12\/O1CN01XZQ4fZ1jTUWH162AO_2215145774549-0-cbucrm.jpg_Q75-600x600.jpg 600w, https:\/\/jingkefence.com\/wp-content\/uploads\/2025\/12\/O1CN01XZQ4fZ1jTUWH162AO_2215145774549-0-cbucrm.jpg_Q75-100x100.jpg 100w\" sizes=\"auto, (max-width: 800px) 100vw, 800px\" \/><\/figure>\n<\/div>\n\n\n\n<div class=\"wp-block-uagb-container uagb-block-76beaa22\">\n<figure class=\"wp-block-image size-full\"><img decoding=\"async\" src=\"http:\/\/jingkefence.com\/wp-content\/uploads\/2025\/12\/&#x5FAE;&#x4FE1;&#x56FE;&#x7247;_20230713143556.jpg\" alt=\"20230713143556\" class=\"wp-image-2833\"\/><\/figure>\n<\/div>\n<\/div><\/div>\n\n<div class=\"wp-block-uagb-container uagb-layout-grid uagb-block-e65fdd54 alignfull uagb-is-root-container\"><div class=\"uagb-container-inner-blocks-wrap\">\n<div class=\"wp-block-uagb-info-box uagb-block-785aba8e uagb-infobox__content-wrap  uagb-infobox-icon-above-title uagb-infobox-image-valign-top wp-block-uagb-info-box--has-margin\"><div class=\"uagb-infobox-margin-wrapper\"><div class=\"uagb-ifb-content\"><div class=\"uagb-ifb-title-wrap\"><h4 class=\"uagb-ifb-title-prefix\">V\u1ec1 c\u00f4ng ty<\/h4><h2 class=\"uagb-ifb-title\">Nh\u00e0 s\u1ea3n xu\u1ea5t chuy\u00ean nghi\u1ec7p<\/h2><\/div><p class=\"uagb-ifb-desc\">Chuy\u00ean s\u1ea3n xu\u1ea5t h\u00e0ng r\u00e0o nh\u00f4m, lan can nh\u00f4m, c\u1ed5ng nh\u00f4m, h\u00e0ng r\u00e0o th\u00e9p.<\/p><\/div><\/div><\/div>\n\n\n\n<div class=\"wp-block-uagb-container uagb-block-43110f3c\">\n<div class=\"wp-block-uagb-advanced-heading uagb-block-76216536\"><p class=\"uagb-heading-text\">Jingke Fence \u2013 nh\u00e0 s\u1ea3n xu\u1ea5t h\u00e0ng r\u00e0o nh\u00f4m, c\u1ed5ng nh\u00f4m, lan can tay v\u1ecbn theo y\u00eau c\u1ea7u t\u1ea1i Qu\u1ea3ng \u0110\u00f4ng, Trung Qu\u1ed1c. V\u1edbi kinh nghi\u1ec7m s\u1ea3n xu\u1ea5t \u0111a d\u1ea1ng s\u1ea3n ph\u1ea9m nh\u00f4m, ch\u00fang t\u00f4i cung c\u1ea5p cho nh\u00e0 th\u1ea7u, \u0111\u01a1n v\u1ecb thi c\u00f4ng, nh\u00e0 qu\u1ea3n l\u00fd d\u1ef1 \u00e1n v\u00e0 kh\u00e1ch h\u00e0ng c\u00e1 nh\u00e2n v\u1edbi ch\u1ea5t l\u01b0\u1ee3ng cao, gi\u00e1 c\u1ea1nh tranh. <\/p><p class=\"uagb-desc-text\">Ch\u00fang t\u00f4i s\u1edf h\u1eefu x\u01b0\u1edfng s\u1ea3n xu\u1ea5t hi\u1ec7n \u0111\u1ea1i, \u0111\u01b0\u1ee3c trang b\u1ecb \u0111\u1ea7y \u0111\u1ee7 m\u00e1y m\u00f3c, n\u01a1i \u0111\u1ed9i ng\u0169 c\u00f4ng nh\u00e2n ch\u1ebf t\u1ea1o c\u00e1c s\u1ea3n ph\u1ea9m c\u1ed5ng nh\u00f4m, h\u00e0ng r\u00e0o nh\u00f4m v\u00e0 lan can tay v\u1ecbn ch\u1ea5t l\u01b0\u1ee3ng cao, tu\u00e2n th\u1ee7 nghi\u00eam ng\u1eb7t c\u00e1c quy \u0111\u1ecbnh an to\u00e0n lao \u0111\u1ed9ng.<\/p><\/div>\n\n\n\n<div class=\"wp-block-uagb-advanced-heading uagb-block-1fbb7f32\"><h6 class=\"uagb-heading-text\">C\u1ea7n h\u1ed7 tr\u1ee3? Li\u00ean h\u1ec7 v\u1edbi ch\u00fang t\u00f4i!<\/h6><p class=\"uagb-desc-text\">\u0110i\u1ec7n tho\u1ea1i: +86 13006721551 ho\u1eb7c email: info@jingkefence.com<\/p><\/div>\n<\/div>\n<\/div><\/div>\n\n<div class=\"wp-block-uagb-container uagb-block-024903c9 alignfull uagb-is-root-container\"><div class=\"uagb-container-inner-blocks-wrap\">\n<div class=\"wp-block-uagb-info-box uagb-block-85e2a95b uagb-infobox__content-wrap  uagb-infobox-icon-above-title uagb-infobox-image-valign-top wp-block-uagb-info-box--has-margin\"><div class=\"uagb-infobox-margin-wrapper\"><div class=\"uagb-ifb-content\"><div class=\"uagb-ifb-title-wrap\"><h6 class=\"uagb-ifb-title-prefix\">T\u1ea1i sao ch\u1ecdn ch\u00fang t\u00f4i<\/h6><h2 class=\"uagb-ifb-title\">L\u00fd do ch\u1ecdn ch\u00fang t\u00f4i<\/h2><\/div><\/div><\/div><\/div>\n\n\n\n<div class=\"wp-block-uagb-container uagb-block-ae7e2640 alignfull uagb-is-root-container\"><div class=\"uagb-container-inner-blocks-wrap\">\n<div class=\"wp-block-uagb-container uagb-block-0b7d6df7\">\n<div class=\"wp-block-uagb-info-box uagb-block-e77757a1 uagb-infobox__content-wrap  uagb-infobox-icon-above-title uagb-infobox-image-valign-top wp-block-uagb-info-box--has-margin\"><div class=\"uagb-infobox-margin-wrapper\"><div class=\"uagb-ifb-content\"><div class=\"uagb-ifb-icon-wrap\"><svg xmlns=\"https:\/\/www.w3.org\/2000\/svg\" viewbox=\"0 0 512 512\"><path d=\"M0 256C0 114.6 114.6 0 256 0C397.4 0 512 114.6 512 256C512 397.4 397.4 512 256 512C114.6 512 0 397.4 0 256zM371.8 211.8C382.7 200.9 382.7 183.1 371.8 172.2C360.9 161.3 343.1 161.3 332.2 172.2L224 280.4L179.8 236.2C168.9 225.3 151.1 225.3 140.2 236.2C129.3 247.1 129.3 264.9 140.2 275.8L204.2 339.8C215.1 350.7 232.9 350.7 243.8 339.8L371.8 211.8z\"><\/path><\/svg><\/div><div class=\"uagb-ifb-title-wrap\"><h6 class=\"uagb-ifb-title\"><strong>C\u00f4ng ty \u0111\u01b0\u1ee3c ch\u1ee9ng nh\u1eadn<\/strong><\/h6><\/div><div class=\"uagb-ifb-button-wrapper wp-block-button\"><a href=\"#\" class=\"uagb-infobox-cta-link wp-block-button__link\" target=\"_self\" rel=\"noopener noreferrer\" onclick=\"return false;\"><span class=\"uagb-inline-editing\"><\/span><\/a><\/div><\/div><\/div><\/div>\n<\/div>\n\n\n\n<div class=\"wp-block-uagb-container uagb-block-22c401f4\">\n<div class=\"wp-block-uagb-info-box uagb-block-6b3a339a uagb-infobox__content-wrap  uagb-infobox-icon-above-title uagb-infobox-image-valign-top wp-block-uagb-info-box--has-margin\"><div class=\"uagb-infobox-margin-wrapper\"><div class=\"uagb-ifb-content\"><div class=\"uagb-ifb-icon-wrap\"><svg xmlns=\"https:\/\/www.w3.org\/2000\/svg\" viewbox=\"0 0 640 512\"><path d=\"M622.3 271.1l-115.1-45.01c-4.125-1.629-12.62-3.754-22.25 0L369.8 271.1C359 275.2 352 285.1 352 295.1c0 111.6 68.75 188.8 132.9 213.9c9.625 3.75 18 1.625 22.25 0C558.4 489.9 640 420.5 640 295.1C640 285.1 633 275.2 622.3 271.1zM496 462.4V273.2l95.5 37.38C585.9 397.8 530.6 446 496 462.4zM224 256c70.7 0 128-57.31 128-128S294.7 0 224 0C153.3 0 96 57.31 96 128S153.3 256 224 256zM320.6 310.3C305.9 306.3 290.6 304 274.7 304H173.3C77.61 304 0 381.7 0 477.4C0 496.5 15.52 512 34.66 512H413.3c3.143 0 5.967-1.004 8.861-1.789C369.7 469.8 324.1 400.3 320.6 310.3z\"><\/path><\/svg><\/div><div class=\"uagb-ifb-title-wrap\"><h6 class=\"uagb-ifb-title\"><strong><strong>B\u1ea3o \u0111\u1ea3m<\/strong><\/strong><\/h6><\/div><div class=\"uagb-ifb-button-wrapper wp-block-button\"><a href=\"#\" class=\"uagb-infobox-cta-link wp-block-button__link\" target=\"_self\" rel=\"noopener noreferrer\" onclick=\"return false;\"><span class=\"uagb-inline-editing\"><\/span><\/a><\/div><\/div><\/div><\/div>\n<\/div>\n\n\n\n<div class=\"wp-block-uagb-container uagb-block-b1eb5d6d\">\n<div class=\"wp-block-uagb-info-box uagb-block-b1d4fdfb uagb-infobox__content-wrap  uagb-infobox-icon-above-title uagb-infobox-image-valign-top wp-block-uagb-info-box--has-margin\"><div class=\"uagb-infobox-margin-wrapper\"><div class=\"uagb-ifb-content\"><div class=\"uagb-ifb-icon-wrap\"><svg xmlns=\"https:\/\/www.w3.org\/2000\/svg\" viewbox=\"0 0 576 512\"><path d=\"M544 280.9c0-89.17-61.83-165.4-139.6-197.4L352 174.2V49.78C352 39.91 344.1 32 334.2 32H241.8C231.9 32 224 39.91 224 49.78v124.4L171.6 83.53C93.83 115.5 32 191.7 32 280.9L31.99 352h512L544 280.9zM574.7 393.7C572.2 387.8 566.4 384 560 384h-544c-6.375 0-12.16 3.812-14.69 9.656c-2.531 5.875-1.344 12.69 3.062 17.34C7.031 413.8 72.02 480 287.1 480s280.1-66.19 283.6-69C576 406.3 577.2 399.5 574.7 393.7z\"><\/path><\/svg><\/div><div class=\"uagb-ifb-title-wrap\"><h6 class=\"uagb-ifb-title\"><strong><strong>Ch\u1ea5t li\u1ec7u ch\u1ea5t l\u01b0\u1ee3ng<\/strong><\/strong><\/h6><\/div><div class=\"uagb-ifb-button-wrapper wp-block-button\"><a href=\"#\" class=\"uagb-infobox-cta-link wp-block-button__link\" target=\"_self\" rel=\"noopener noreferrer\" onclick=\"return false;\"><span class=\"uagb-inline-editing\"><\/span><\/a><\/div><\/div><\/div><\/div>\n<\/div>\n<\/div><\/div>\n<\/div><\/div>\n\n<p><\/p>\n","protected":false},"excerpt":{"rendered":"<p>V\u1ec1 ch\u00fang t\u00f4i Jingke Fence \u2013 nh\u00e0 s\u1ea3n xu\u1ea5t h\u00e0ng r\u00e0o nh\u00f4m, c\u1ed5ng nh\u00f4m, lan can tay v\u1ecbn theo y\u00eau c\u1ea7u t\u1ea1i Qu\u1ea3ng \u0110\u00f4ng, Trung Qu\u1ed1c. V\u1edbi kinh nghi\u1ec7m s\u1ea3n xu\u1ea5t \u0111a d\u1ea1ng s\u1ea3n ph\u1ea9m nh\u00f4m, ch\u00fang t\u00f4i cung c\u1ea5p cho nh\u00e0 th\u1ea7u, \u0111\u01a1n v\u1ecb thi c\u00f4ng, nh\u00e0 qu\u1ea3n l\u00fd d\u1ef1 \u00e1n v\u00e0 kh\u00e1ch h\u00e0ng [&hellip;]<\/p>\n","protected":false},"author":1,"featured_media":0,"parent":0,"menu_order":0,"comment_status":"closed","ping_status":"closed","template":"","meta":{"_uag_custom_page_level_css":"","site-sidebar-layout":"no-sidebar","site-content-layout":"plain-container","ast-site-content-layout":"normal-width-container","site-content-style":"unboxed","site-sidebar-style":"unboxed","ast-global-header-display":"","ast-banner-title-visibility":"","ast-main-header-display":"","ast-hfb-above-header-display":"","ast-hfb-below-header-display":"","ast-hfb-mobile-header-display":"","site-post-title":"disabled","ast-breadcrumbs-content":"","ast-featured-img":"disabled","footer-sml-layout":"","ast-disable-related-posts":"","theme-transparent-header-meta":"enabled","adv-header-id-meta":"","stick-header-meta":"","header-above-stick-meta":"","header-main-stick-meta":"","header-below-stick-meta":"","astra-migrate-meta-layouts":"default","ast-page-background-enabled":"default","ast-page-background-meta":{"desktop":{"background-color":"","background-image":"","background-repeat":"repeat","background-position":"center center","background-size":"auto","background-attachment":"scroll","background-type":"","background-media":"","overlay-type":"","overlay-color":"","overlay-opacity":"","overlay-gradient":""},"tablet":{"background-color":"","background-image":"","background-repeat":"repeat","background-position":"center center","background-size":"auto","background-attachment":"scroll","background-type":"","background-media":"","overlay-type":"","overlay-color":"","overlay-opacity":"","overlay-gradient":""},"mobile":{"background-color":"","background-image":"","background-repeat":"repeat","background-position":"center center","background-size":"auto","background-attachment":"scroll","background-type":"","background-media":"","overlay-type":"","overlay-color":"","overlay-opacity":"","overlay-gradient":""}},"ast-content-background-meta":{"desktop":{"background-color":"var(--ast-global-color-5)","background-image":"","background-repeat":"repeat","background-position":"center center","background-size":"auto","background-attachment":"scroll","background-type":"","background-media":"","overlay-type":"","overlay-color":"","overlay-opacity":"","overlay-gradient":""},"tablet":{"background-color":"var(--ast-global-color-5)","background-image":"","background-repeat":"repeat","background-position":"center center","background-size":"auto","background-attachment":"scroll","background-type":"","background-media":"","overlay-type":"","overlay-color":"","overlay-opacity":"","overlay-gradient":""},"mobile":{"background-color":"var(--ast-global-color-5)","background-image":"","background-repeat":"repeat","background-position":"center center","background-size":"auto","background-attachment":"scroll","background-type":"","background-media":"","overlay-type":"","overlay-color":"","overlay-opacity":"","overlay-gradient":""}},"footnotes":""},"class_list":["post-3437","page","type-page","status-publish","hentry"],"aioseo_notices":[],"_hostinger_reach_plugin_has_subscription_block":false,"_hostinger_reach_plugin_is_elementor":false,"uagb_featured_image_src":{"full":false,"thumbnail":false,"medium":false,"medium_large":false,"large":false,"1536x1536":false,"2048x2048":false,"woocommerce_thumbnail":false,"woocommerce_single":false,"woocommerce_gallery_thumbnail":false},"uagb_author_info":{"display_name":"Katrina","author_link":"https:\/\/jingkefence.com\/vi\/author\/katrina-l88outlook-com\/"},"uagb_comment_info":0,"uagb_excerpt":"V\u1ec1 ch\u00fang t\u00f4i Jingke Fence \u2013 nh\u00e0 s\u1ea3n xu\u1ea5t h\u00e0ng r\u00e0o nh\u00f4m, c\u1ed5ng nh\u00f4m, lan can tay v\u1ecbn theo y\u00eau c\u1ea7u t\u1ea1i Qu\u1ea3ng \u0110\u00f4ng, Trung Qu\u1ed1c. V\u1edbi kinh nghi\u1ec7m s\u1ea3n xu\u1ea5t \u0111a d\u1ea1ng s\u1ea3n ph\u1ea9m nh\u00f4m, ch\u00fang t\u00f4i cung c\u1ea5p cho nh\u00e0 th\u1ea7u, \u0111\u01a1n v\u1ecb thi c\u00f4ng, nh\u00e0 qu\u1ea3n l\u00fd d\u1ef1 \u00e1n v\u00e0 kh\u00e1ch h\u00e0ng&hellip;","_links":{"self":[{"href":"https:\/\/jingkefence.com\/vi\/wp-json\/wp\/v2\/pages\/3437","targetHints":{"allow":["GET"]}}],"collection":[{"href":"https:\/\/jingkefence.com\/vi\/wp-json\/wp\/v2\/pages"}],"about":[{"href":"https:\/\/jingkefence.com\/vi\/wp-json\/wp\/v2\/types\/page"}],"author":[{"embeddable":true,"href":"https:\/\/jingkefence.com\/vi\/wp-json\/wp\/v2\/users\/1"}],"replies":[{"embeddable":true,"href":"https:\/\/jingkefence.com\/vi\/wp-json\/wp\/v2\/comments?post=3437"}],"version-history":[{"count":2,"href":"https:\/\/jingkefence.com\/vi\/wp-json\/wp\/v2\/pages\/3437\/revisions"}],"predecessor-version":[{"id":3443,"href":"https:\/\/jingkefence.com\/vi\/wp-json\/wp\/v2\/pages\/3437\/revisions\/3443"}],"wp:attachment":[{"href":"https:\/\/jingkefence.com\/vi\/wp-json\/wp\/v2\/media?parent=3437"}],"curies":[{"name":"wp","href":"https:\/\/api.w.org\/{rel}","templated":true}]}}