{"id":3376,"date":"2025-12-10T01:14:05","date_gmt":"2025-12-10T09:14:05","guid":{"rendered":"https:\/\/jingkefence.com\/product\/hang-rao-san-bang-thep-tuy-chinh\/"},"modified":"2026-03-31T18:05:36","modified_gmt":"2026-04-01T02:05:36","slug":"hang-rao-san-bang-thep-tuy-chinh","status":"publish","type":"product","link":"https:\/\/jingkefence.com\/vi\/product\/hang-rao-san-bang-thep-tuy-chinh\/","title":{"rendered":"H\u00e0ng r\u00e0o s\u00e2n b\u1eb1ng th\u00e9p t\u00f9y ch\u1ec9nh"},"content":{"rendered":"","protected":false},"excerpt":{"rendered":"<p>1. \u0110\u01b0\u1ee3c ph\u1ee7 l\u1edbp s\u01a1n t\u0129nh \u0111i\u1ec7n kh\u00f4ng c\u1ea7n b\u1ea3o tr\u00ec<br \/>2. C\u00e1c t\u1ea5m \u0111\u01b0\u1ee3c l\u1eafp r\u00e1p s\u1eb5n<br \/>3. H\u00e0ng r\u00e0o d\u00e2n d\u1ee5ng c\u00f3 s\u1eb5n \u1edf b\u1ed1n ki\u1ec3u ti\u00eau chu\u1ea9n<br \/>4. K\u00edch th\u01b0\u1edbc c\u00f3 th\u1ec3 t\u00f9y ch\u1ec9nh theo y\u00eau c\u1ea7u c\u1ee7a kh\u00e1ch h\u00e0ng<\/p>\n","protected":false},"featured_media":3377,"template":"","meta":{"_uag_custom_page_level_css":"","site-sidebar-layout":"default","site-content-layout":"","ast-site-content-layout":"default","site-content-style":"default","site-sidebar-style":"default","ast-global-header-display":"","ast-banner-title-visibility":"","ast-main-header-display":"","ast-hfb-above-header-display":"","ast-hfb-below-header-display":"","ast-hfb-mobile-header-display":"","site-post-title":"","ast-breadcrumbs-content":"","ast-featured-img":"","footer-sml-layout":"","ast-disable-related-posts":"","theme-transparent-header-meta":"default","adv-header-id-meta":"","stick-header-meta":"","header-above-stick-meta":"","header-main-stick-meta":"","header-below-stick-meta":"","astra-migrate-meta-layouts":"default","ast-page-background-enabled":"default","ast-page-background-meta":{"desktop":{"background-color":"","background-image":"","background-repeat":"repeat","background-position":"center center","background-size":"auto","background-attachment":"scroll","background-type":"","background-media":"","overlay-type":"","overlay-color":"","overlay-opacity":"","overlay-gradient":""},"tablet":{"background-color":"","background-image":"","background-repeat":"repeat","background-position":"center center","background-size":"auto","background-attachment":"scroll","background-type":"","background-media":"","overlay-type":"","overlay-color":"","overlay-opacity":"","overlay-gradient":""},"mobile":{"background-color":"","background-image":"","background-repeat":"repeat","background-position":"center center","background-size":"auto","background-attachment":"scroll","background-type":"","background-media":"","overlay-type":"","overlay-color":"","overlay-opacity":"","overlay-gradient":""}},"ast-content-background-meta":{"desktop":{"background-color":"var(--ast-global-color-5)","background-image":"","background-repeat":"repeat","background-position":"center center","background-size":"auto","background-attachment":"scroll","background-type":"","background-media":"","overlay-type":"","overlay-color":"","overlay-opacity":"","overlay-gradient":""},"tablet":{"background-color":"var(--ast-global-color-5)","background-image":"","background-repeat":"repeat","background-position":"center center","background-size":"auto","background-attachment":"scroll","background-type":"","background-media":"","overlay-type":"","overlay-color":"","overlay-opacity":"","overlay-gradient":""},"mobile":{"background-color":"var(--ast-global-color-5)","background-image":"","background-repeat":"repeat","background-position":"center center","background-size":"auto","background-attachment":"scroll","background-type":"","background-media":"","overlay-type":"","overlay-color":"","overlay-opacity":"","overlay-gradient":""}}},"product_brand":[],"product_cat":[66],"product_tag":[],"class_list":{"0":"post-3376","1":"product","2":"type-product","3":"status-publish","4":"has-post-thumbnail","6":"product_cat-hang-rao-thep","7":"desktop-align-center","8":"tablet-align-left","9":"mobile-align-left","11":"first","12":"instock","13":"shipping-taxable","14":"product-type-simple"},"aioseo_notices":[],"uagb_featured_image_src":{"full":["https:\/\/jingkefence.com\/wp-content\/uploads\/2025\/12\/1.jpg",800,800,false],"thumbnail":["https:\/\/jingkefence.com\/wp-content\/uploads\/2025\/12\/1-150x150.jpg",150,150,true],"medium":["https:\/\/jingkefence.com\/wp-content\/uploads\/2025\/12\/1-300x300.jpg",300,300,true],"medium_large":["https:\/\/jingkefence.com\/wp-content\/uploads\/2025\/12\/1-768x768.jpg",768,768,true],"large":["https:\/\/jingkefence.com\/wp-content\/uploads\/2025\/12\/1.jpg",800,800,false],"1536x1536":["https:\/\/jingkefence.com\/wp-content\/uploads\/2025\/12\/1.jpg",800,800,false],"2048x2048":["https:\/\/jingkefence.com\/wp-content\/uploads\/2025\/12\/1.jpg",800,800,false],"woocommerce_thumbnail":["https:\/\/jingkefence.com\/wp-content\/uploads\/2025\/12\/1-300x300.jpg",300,300,true],"woocommerce_single":["https:\/\/jingkefence.com\/wp-content\/uploads\/2025\/12\/1-600x600.jpg",600,600,true],"woocommerce_gallery_thumbnail":["https:\/\/jingkefence.com\/wp-content\/uploads\/2025\/12\/1-100x100.jpg",100,100,true]},"uagb_author_info":{"display_name":"Katrina","author_link":"https:\/\/jingkefence.com\/vi\/author\/"},"uagb_comment_info":0,"uagb_excerpt":"1. \u0110\u01b0\u1ee3c ph\u1ee7 l\u1edbp s\u01a1n t\u0129nh \u0111i\u1ec7n kh\u00f4ng c\u1ea7n b\u1ea3o tr\u00ec2. C\u00e1c t\u1ea5m \u0111\u01b0\u1ee3c l\u1eafp r\u00e1p s\u1eb5n3. H\u00e0ng r\u00e0o d\u00e2n d\u1ee5ng c\u00f3 s\u1eb5n \u1edf b\u1ed1n ki\u1ec3u ti\u00eau chu\u1ea9n4. K\u00edch th\u01b0\u1edbc c\u00f3 th\u1ec3 t\u00f9y ch\u1ec9nh theo y\u00eau c\u1ea7u c\u1ee7a kh\u00e1ch h\u00e0ng","_links":{"self":[{"href":"https:\/\/jingkefence.com\/vi\/wp-json\/wp\/v2\/product\/3376","targetHints":{"allow":["GET"]}}],"collection":[{"href":"https:\/\/jingkefence.com\/vi\/wp-json\/wp\/v2\/product"}],"about":[{"href":"https:\/\/jingkefence.com\/vi\/wp-json\/wp\/v2\/types\/product"}],"wp:featuredmedia":[{"embeddable":true,"href":"https:\/\/jingkefence.com\/vi\/wp-json\/wp\/v2\/media\/3377"}],"wp:attachment":[{"href":"https:\/\/jingkefence.com\/vi\/wp-json\/wp\/v2\/media?parent=3376"}],"wp:term":[{"taxonomy":"product_brand","embeddable":true,"href":"https:\/\/jingkefence.com\/vi\/wp-json\/wp\/v2\/product_brand?post=3376"},{"taxonomy":"product_cat","embeddable":true,"href":"https:\/\/jingkefence.com\/vi\/wp-json\/wp\/v2\/product_cat?post=3376"},{"taxonomy":"product_tag","embeddable":true,"href":"https:\/\/jingkefence.com\/vi\/wp-json\/wp\/v2\/product_tag?post=3376"}],"curies":[{"name":"wp","href":"https:\/\/api.w.org\/{rel}","templated":true}]}}