{"id":3398,"date":"2025-12-17T23:52:25","date_gmt":"2025-12-18T07:52:25","guid":{"rendered":"https:\/\/jingkefence.com\/product\/cong-truot-nhom-kem-motor-2\/"},"modified":"2025-12-17T23:52:25","modified_gmt":"2025-12-18T07:52:25","slug":"cong-truot-nhom-kem-motor-2","status":"publish","type":"product","link":"https:\/\/jingkefence.com\/vi\/product\/cong-truot-nhom-kem-motor-2\/","title":{"rendered":"C\u1ed5ng tr\u01b0\u1ee3t nh\u00f4m k\u00e8m motor"},"content":{"rendered":"","protected":false},"excerpt":{"rendered":"<p>1. C\u1ed5ng tr\u01b0\u1ee3t nh\u00f4m<br \/>2. \u0110\u1ed9 d\u00e0y: 2.0mm \u2013 2.5mm<br \/>3. M\u00e0u s\u1eafc t\u00f9y ch\u1ec9nh<br \/>4. K\u00edch th\u01b0\u1edbc c\u00f3 th\u1ec3 t\u00f9y ch\u1ec9nh theo y\u00eau c\u1ea7u c\u1ee7a kh\u00e1ch h\u00e0ng<br \/>5. H\u1ed7 tr\u1ee3 k\u1ef9 thu\u1eadt tr\u1ef1c tuy\u1ebfn<br \/>6. \u0110\u00f3ng g\u00f3i: ki\u1ec7n g\u1ed7<\/p>\n","protected":false},"featured_media":3399,"template":"","meta":{"_uag_custom_page_level_css":"","site-sidebar-layout":"default","site-content-layout":"","ast-site-content-layout":"default","site-content-style":"default","site-sidebar-style":"default","ast-global-header-display":"","ast-banner-title-visibility":"","ast-main-header-display":"","ast-hfb-above-header-display":"","ast-hfb-below-header-display":"","ast-hfb-mobile-header-display":"","site-post-title":"","ast-breadcrumbs-content":"","ast-featured-img":"","footer-sml-layout":"","ast-disable-related-posts":"","theme-transparent-header-meta":"default","adv-header-id-meta":"","stick-header-meta":"","header-above-stick-meta":"","header-main-stick-meta":"","header-below-stick-meta":"","astra-migrate-meta-layouts":"default","ast-page-background-enabled":"default","ast-page-background-meta":{"desktop":{"background-color":"","background-image":"","background-repeat":"repeat","background-position":"center center","background-size":"auto","background-attachment":"scroll","background-type":"","background-media":"","overlay-type":"","overlay-color":"","overlay-opacity":"","overlay-gradient":""},"tablet":{"background-color":"","background-image":"","background-repeat":"repeat","background-position":"center center","background-size":"auto","background-attachment":"scroll","background-type":"","background-media":"","overlay-type":"","overlay-color":"","overlay-opacity":"","overlay-gradient":""},"mobile":{"background-color":"","background-image":"","background-repeat":"repeat","background-position":"center center","background-size":"auto","background-attachment":"scroll","background-type":"","background-media":"","overlay-type":"","overlay-color":"","overlay-opacity":"","overlay-gradient":""}},"ast-content-background-meta":{"desktop":{"background-color":"var(--ast-global-color-5)","background-image":"","background-repeat":"repeat","background-position":"center center","background-size":"auto","background-attachment":"scroll","background-type":"","background-media":"","overlay-type":"","overlay-color":"","overlay-opacity":"","overlay-gradient":""},"tablet":{"background-color":"var(--ast-global-color-5)","background-image":"","background-repeat":"repeat","background-position":"center center","background-size":"auto","background-attachment":"scroll","background-type":"","background-media":"","overlay-type":"","overlay-color":"","overlay-opacity":"","overlay-gradient":""},"mobile":{"background-color":"var(--ast-global-color-5)","background-image":"","background-repeat":"repeat","background-position":"center center","background-size":"auto","background-attachment":"scroll","background-type":"","background-media":"","overlay-type":"","overlay-color":"","overlay-opacity":"","overlay-gradient":""}}},"product_brand":[],"product_cat":[64],"product_tag":[],"class_list":{"0":"post-3398","1":"product","2":"type-product","3":"status-publish","4":"has-post-thumbnail","6":"product_cat-cong-nhom","7":"desktop-align-center","8":"tablet-align-left","9":"mobile-align-left","11":"first","12":"instock","13":"shipping-taxable","14":"product-type-simple"},"aioseo_notices":[],"uagb_featured_image_src":{"full":["https:\/\/jingkefence.com\/wp-content\/uploads\/2025\/12\/O1CN01oODofR2Dj0ZLu6Ibu_2756678644-0-cib.jpg",800,800,false],"thumbnail":["https:\/\/jingkefence.com\/wp-content\/uploads\/2025\/12\/O1CN01oODofR2Dj0ZLu6Ibu_2756678644-0-cib-150x150.jpg",150,150,true],"medium":["https:\/\/jingkefence.com\/wp-content\/uploads\/2025\/12\/O1CN01oODofR2Dj0ZLu6Ibu_2756678644-0-cib-300x300.jpg",300,300,true],"medium_large":["https:\/\/jingkefence.com\/wp-content\/uploads\/2025\/12\/O1CN01oODofR2Dj0ZLu6Ibu_2756678644-0-cib-768x768.jpg",768,768,true],"large":["https:\/\/jingkefence.com\/wp-content\/uploads\/2025\/12\/O1CN01oODofR2Dj0ZLu6Ibu_2756678644-0-cib.jpg",800,800,false],"1536x1536":["https:\/\/jingkefence.com\/wp-content\/uploads\/2025\/12\/O1CN01oODofR2Dj0ZLu6Ibu_2756678644-0-cib.jpg",800,800,false],"2048x2048":["https:\/\/jingkefence.com\/wp-content\/uploads\/2025\/12\/O1CN01oODofR2Dj0ZLu6Ibu_2756678644-0-cib.jpg",800,800,false],"woocommerce_thumbnail":["https:\/\/jingkefence.com\/wp-content\/uploads\/2025\/12\/O1CN01oODofR2Dj0ZLu6Ibu_2756678644-0-cib-300x300.jpg",300,300,true],"woocommerce_single":["https:\/\/jingkefence.com\/wp-content\/uploads\/2025\/12\/O1CN01oODofR2Dj0ZLu6Ibu_2756678644-0-cib-600x600.jpg",600,600,true],"woocommerce_gallery_thumbnail":["https:\/\/jingkefence.com\/wp-content\/uploads\/2025\/12\/O1CN01oODofR2Dj0ZLu6Ibu_2756678644-0-cib-100x100.jpg",100,100,true]},"uagb_author_info":{"display_name":"Katrina","author_link":"https:\/\/jingkefence.com\/vi\/author\/"},"uagb_comment_info":0,"uagb_excerpt":"1. C\u1ed5ng tr\u01b0\u1ee3t nh\u00f4m2. \u0110\u1ed9 d\u00e0y: 2.0mm \u2013 2.5mm3. M\u00e0u s\u1eafc t\u00f9y ch\u1ec9nh4. K\u00edch th\u01b0\u1edbc c\u00f3 th\u1ec3 t\u00f9y ch\u1ec9nh theo y\u00eau c\u1ea7u c\u1ee7a kh\u00e1ch h\u00e0ng5. H\u1ed7 tr\u1ee3 k\u1ef9 thu\u1eadt tr\u1ef1c tuy\u1ebfn6. \u0110\u00f3ng g\u00f3i: ki\u1ec7n g\u1ed7","_links":{"self":[{"href":"https:\/\/jingkefence.com\/vi\/wp-json\/wp\/v2\/product\/3398","targetHints":{"allow":["GET"]}}],"collection":[{"href":"https:\/\/jingkefence.com\/vi\/wp-json\/wp\/v2\/product"}],"about":[{"href":"https:\/\/jingkefence.com\/vi\/wp-json\/wp\/v2\/types\/product"}],"wp:featuredmedia":[{"embeddable":true,"href":"https:\/\/jingkefence.com\/vi\/wp-json\/wp\/v2\/media\/3399"}],"wp:attachment":[{"href":"https:\/\/jingkefence.com\/vi\/wp-json\/wp\/v2\/media?parent=3398"}],"wp:term":[{"taxonomy":"product_brand","embeddable":true,"href":"https:\/\/jingkefence.com\/vi\/wp-json\/wp\/v2\/product_brand?post=3398"},{"taxonomy":"product_cat","embeddable":true,"href":"https:\/\/jingkefence.com\/vi\/wp-json\/wp\/v2\/product_cat?post=3398"},{"taxonomy":"product_tag","embeddable":true,"href":"https:\/\/jingkefence.com\/vi\/wp-json\/wp\/v2\/product_tag?post=3398"}],"curies":[{"name":"wp","href":"https:\/\/api.w.org\/{rel}","templated":true}]}}